{"id":711,"date":"2023-06-12T19:15:18","date_gmt":"2023-06-12T19:15:18","guid":{"rendered":"https:\/\/thefinancialpowerhouse.org\/?page_id=711"},"modified":"2024-07-13T10:43:53","modified_gmt":"2024-07-13T10:43:53","slug":"help-and-faq","status":"publish","type":"page","link":"https:\/\/elearningpowerhouse.com\/es\/help-and-faq\/","title":{"rendered":"Ayuda y Preguntas Frecuentes"},"content":{"rendered":"<div data-elementor-type=\"wp-page\" data-elementor-id=\"711\" class=\"elementor elementor-711\" data-elementor-post-type=\"page\">\n\t\t\t\t\t\t<section class=\"elementor-section elementor-top-section elementor-element elementor-element-6ad752a elementor-section-boxed elementor-section-height-default elementor-section-height-default\" data-id=\"6ad752a\" data-element_type=\"section\">\n\t\t\t\t\t\t<div class=\"elementor-container elementor-column-gap-default\">\n\t\t\t\t\t<div class=\"elementor-column elementor-col-100 elementor-top-column elementor-element elementor-element-79579ca\" data-id=\"79579ca\" data-element_type=\"column\">\n\t\t\t<div class=\"elementor-widget-wrap elementor-element-populated\">\n\t\t\t\t\t\t<div class=\"elementor-element elementor-element-cb9ecb4 elementor-widget elementor-widget-accordion\" data-id=\"cb9ecb4\" data-element_type=\"widget\" data-widget_type=\"accordion.default\">\n\t\t\t\t<div class=\"elementor-widget-container\">\n\t\t\t\t\t\t\t<div class=\"elementor-accordion\">\n\t\t\t\t\t\t\t<div class=\"elementor-accordion-item\">\n\t\t\t\t\t<div id=\"elementor-tab-title-2131\" class=\"elementor-tab-title\" data-tab=\"1\" role=\"button\" aria-controls=\"elementor-tab-content-2131\" aria-expanded=\"false\">\n\t\t\t\t\t\t\t\t\t\t\t\t\t<span class=\"elementor-accordion-icon elementor-accordion-icon-right\" aria-hidden=\"true\">\n\t\t\t\t\t\t\t\t\t\t\t\t\t\t\t<span class=\"elementor-accordion-icon-closed\"><i class=\"fas fa-plus\" aria-hidden=\"true\"><\/i><\/span>\n\t\t\t\t\t\t\t\t<span class=\"elementor-accordion-icon-opened\"><i class=\"fas fa-minus\" aria-hidden=\"true\"><\/i><\/span>\n\t\t\t\t\t\t\t\t\t\t\t\t\t\t<\/span>\n\t\t\t\t\t\t\t\t\t\t\t\t<a class=\"elementor-accordion-title\" tabindex=\"0\">1. \u00bfQu\u00e9 cursos ofrece eLearning Powerhouse?<\/a>\n\t\t\t\t\t<\/div>\n\t\t\t\t\t<div id=\"elementor-tab-content-2131\" class=\"elementor-tab-content elementor-clearfix\" data-tab=\"1\" role=\"region\" aria-labelledby=\"elementor-tab-title-2131\"><p>eLearning Powerhouse ofrecemos cursos virtuales en l\u00ednea dise\u00f1ados para ayudarlo a prepararse de una manera sencilla y efectiva a mudarse a un pa\u00eds dentro de la uni\u00f3n europea. Ofrecemos cursos tanto acreditados como no acreditados. Puede explorar m\u00e1s en nuestro cat\u00e1logo completo de cursos aqu\u00ed <a href=\"https:\/\/elearningpowerhouse.com\/es\/our-courses\/\">Courses page<\/a>.<\/p><\/div>\n\t\t\t\t<\/div>\n\t\t\t\t\t\t\t<div class=\"elementor-accordion-item\">\n\t\t\t\t\t<div id=\"elementor-tab-title-2132\" class=\"elementor-tab-title\" data-tab=\"2\" role=\"button\" aria-controls=\"elementor-tab-content-2132\" aria-expanded=\"false\">\n\t\t\t\t\t\t\t\t\t\t\t\t\t<span class=\"elementor-accordion-icon elementor-accordion-icon-right\" aria-hidden=\"true\">\n\t\t\t\t\t\t\t\t\t\t\t\t\t\t\t<span class=\"elementor-accordion-icon-closed\"><i class=\"fas fa-plus\" aria-hidden=\"true\"><\/i><\/span>\n\t\t\t\t\t\t\t\t<span class=\"elementor-accordion-icon-opened\"><i class=\"fas fa-minus\" aria-hidden=\"true\"><\/i><\/span>\n\t\t\t\t\t\t\t\t\t\t\t\t\t\t<\/span>\n\t\t\t\t\t\t\t\t\t\t\t\t<a class=\"elementor-accordion-title\" tabindex=\"0\">2. \u00bfQu\u00e9 tan flexibles son los cursos?<\/a>\n\t\t\t\t\t<\/div>\n\t\t\t\t\t<div id=\"elementor-tab-content-2132\" class=\"elementor-tab-content elementor-clearfix\" data-tab=\"2\" role=\"region\" aria-labelledby=\"elementor-tab-title-2132\"><p>Nuestros cursos est\u00e1n dise\u00f1ados teniendo en cuenta la flexibilidad. Puede estudiar a su propio ritmo y horario, ya que todas las clases est\u00e1n grabadas puede tener acceso a ellas todo el tiempo, incluyendo los materiales de cada una. Puede estudiar desde cualquier pa\u00eds o ubicaci\u00f3n que desee, y esto, le permitir\u00e1 obtener un t\u00edtulo europeo desde la comodidad de su hogar.<\/p><\/div>\n\t\t\t\t<\/div>\n\t\t\t\t\t\t\t<div class=\"elementor-accordion-item\">\n\t\t\t\t\t<div id=\"elementor-tab-title-2133\" class=\"elementor-tab-title\" data-tab=\"3\" role=\"button\" aria-controls=\"elementor-tab-content-2133\" aria-expanded=\"false\">\n\t\t\t\t\t\t\t\t\t\t\t\t\t<span class=\"elementor-accordion-icon elementor-accordion-icon-right\" aria-hidden=\"true\">\n\t\t\t\t\t\t\t\t\t\t\t\t\t\t\t<span class=\"elementor-accordion-icon-closed\"><i class=\"fas fa-plus\" aria-hidden=\"true\"><\/i><\/span>\n\t\t\t\t\t\t\t\t<span class=\"elementor-accordion-icon-opened\"><i class=\"fas fa-minus\" aria-hidden=\"true\"><\/i><\/span>\n\t\t\t\t\t\t\t\t\t\t\t\t\t\t<\/span>\n\t\t\t\t\t\t\t\t\t\t\t\t<a class=\"elementor-accordion-title\" tabindex=\"0\">3. \u00bfQu\u00e9 tipo de informaci\u00f3n est\u00e1 disponible en la secci\u00f3n de Informaci\u00f3n Europea?<\/a>\n\t\t\t\t\t<\/div>\n\t\t\t\t\t<div id=\"elementor-tab-content-2133\" class=\"elementor-tab-content elementor-clearfix\" data-tab=\"3\" role=\"region\" aria-labelledby=\"elementor-tab-title-2133\"><p>En esta secci\u00f3n <a href=\"https:\/\/elearningpowerhouse.com\/es\/eu-countries\/\">European Information page<\/a> se proporciona toda la informaci\u00f3n que necesita antes de mudarse a cualquier pa\u00eds de la uni\u00f3n europea. Esto incluye detalles sobre los requisitos de visa, los sistemas de salud, el costo de vida, los mercados laborales y m\u00e1s. Esta informaci\u00f3n est\u00e1 destinada a ayudarle a tomar decisiones acertadas sobre su reubicaci\u00f3n<\/p><\/div>\n\t\t\t\t<\/div>\n\t\t\t\t\t\t\t<div class=\"elementor-accordion-item\">\n\t\t\t\t\t<div id=\"elementor-tab-title-2134\" class=\"elementor-tab-title\" data-tab=\"4\" role=\"button\" aria-controls=\"elementor-tab-content-2134\" aria-expanded=\"false\">\n\t\t\t\t\t\t\t\t\t\t\t\t\t<span class=\"elementor-accordion-icon elementor-accordion-icon-right\" aria-hidden=\"true\">\n\t\t\t\t\t\t\t\t\t\t\t\t\t\t\t<span class=\"elementor-accordion-icon-closed\"><i class=\"fas fa-plus\" aria-hidden=\"true\"><\/i><\/span>\n\t\t\t\t\t\t\t\t<span class=\"elementor-accordion-icon-opened\"><i class=\"fas fa-minus\" aria-hidden=\"true\"><\/i><\/span>\n\t\t\t\t\t\t\t\t\t\t\t\t\t\t<\/span>\n\t\t\t\t\t\t\t\t\t\t\t\t<a class=\"elementor-accordion-title\" tabindex=\"0\">4. \u00bfC\u00f3mo funciona el proceso de empleo despu\u00e9s de finalizar un curso?<\/a>\n\t\t\t\t\t<\/div>\n\t\t\t\t\t<div id=\"elementor-tab-content-2134\" class=\"elementor-tab-content elementor-clearfix\" data-tab=\"4\" role=\"region\" aria-labelledby=\"elementor-tab-title-2134\"><p>Al completar y aprobar un curso certificado, le pediremos que env\u00ede su CV a nuestra plataforma. Haremos circular su CV entre los empleadores suscritos a nuestro sitio web. Si un empleador selecciona su CV, se agendar\u00e1 una entrevista en l\u00ednea, si tiene \u00e9xito se otorgar\u00e1 un contrato de trabajo. eLearning Powerhouse lo guiar\u00e1 durante todo este proceso. Es importante se\u00f1alar que el empleo no est\u00e1 garantizado.<\/p><\/div>\n\t\t\t\t<\/div>\n\t\t\t\t\t\t\t<div class=\"elementor-accordion-item\">\n\t\t\t\t\t<div id=\"elementor-tab-title-2135\" class=\"elementor-tab-title\" data-tab=\"5\" role=\"button\" aria-controls=\"elementor-tab-content-2135\" aria-expanded=\"false\">\n\t\t\t\t\t\t\t\t\t\t\t\t\t<span class=\"elementor-accordion-icon elementor-accordion-icon-right\" aria-hidden=\"true\">\n\t\t\t\t\t\t\t\t\t\t\t\t\t\t\t<span class=\"elementor-accordion-icon-closed\"><i class=\"fas fa-plus\" aria-hidden=\"true\"><\/i><\/span>\n\t\t\t\t\t\t\t\t<span class=\"elementor-accordion-icon-opened\"><i class=\"fas fa-minus\" aria-hidden=\"true\"><\/i><\/span>\n\t\t\t\t\t\t\t\t\t\t\t\t\t\t<\/span>\n\t\t\t\t\t\t\t\t\t\t\t\t<a class=\"elementor-accordion-title\" tabindex=\"0\">5. \u00bfC\u00f3mo empiezo a utilizar eLearning Powerhouse?<\/a>\n\t\t\t\t\t<\/div>\n\t\t\t\t\t<div id=\"elementor-tab-content-2135\" class=\"elementor-tab-content elementor-clearfix\" data-tab=\"5\" role=\"region\" aria-labelledby=\"elementor-tab-title-2135\"><p>\u00a1Comenzar es f\u00e1cil! Simplemente visite nuestro sitio web, explore nuestro cat\u00e1logo de cursos e inscr\u00edbase en el curso que mejor se adapte a sus necesidades.<\/p><\/div>\n\t\t\t\t<\/div>\n\t\t\t\t\t\t\t<div class=\"elementor-accordion-item\">\n\t\t\t\t\t<div id=\"elementor-tab-title-2136\" class=\"elementor-tab-title\" data-tab=\"6\" role=\"button\" aria-controls=\"elementor-tab-content-2136\" aria-expanded=\"false\">\n\t\t\t\t\t\t\t\t\t\t\t\t\t<span class=\"elementor-accordion-icon elementor-accordion-icon-right\" aria-hidden=\"true\">\n\t\t\t\t\t\t\t\t\t\t\t\t\t\t\t<span class=\"elementor-accordion-icon-closed\"><i class=\"fas fa-plus\" aria-hidden=\"true\"><\/i><\/span>\n\t\t\t\t\t\t\t\t<span class=\"elementor-accordion-icon-opened\"><i class=\"fas fa-minus\" aria-hidden=\"true\"><\/i><\/span>\n\t\t\t\t\t\t\t\t\t\t\t\t\t\t<\/span>\n\t\t\t\t\t\t\t\t\t\t\t\t<a class=\"elementor-accordion-title\" tabindex=\"0\">6. \u00bfA partir de qu\u00e9 edad se puede acceder a los cursos de eLearning Powerhouse?<\/a>\n\t\t\t\t\t<\/div>\n\t\t\t\t\t<div id=\"elementor-tab-content-2136\" class=\"elementor-tab-content elementor-clearfix\" data-tab=\"6\" role=\"region\" aria-labelledby=\"elementor-tab-title-2136\"><p>Nuestros cursos no tienen un requisito de edad m\u00ednima, sin embargo, se recomienda que los estudiantes hayan completado el nivel de educaci\u00f3n secundaria.<\/p><\/div>\n\t\t\t\t<\/div>\n\t\t\t\t\t\t\t<div class=\"elementor-accordion-item\">\n\t\t\t\t\t<div id=\"elementor-tab-title-2137\" class=\"elementor-tab-title\" data-tab=\"7\" role=\"button\" aria-controls=\"elementor-tab-content-2137\" aria-expanded=\"false\">\n\t\t\t\t\t\t\t\t\t\t\t\t\t<span class=\"elementor-accordion-icon elementor-accordion-icon-right\" aria-hidden=\"true\">\n\t\t\t\t\t\t\t\t\t\t\t\t\t\t\t<span class=\"elementor-accordion-icon-closed\"><i class=\"fas fa-plus\" aria-hidden=\"true\"><\/i><\/span>\n\t\t\t\t\t\t\t\t<span class=\"elementor-accordion-icon-opened\"><i class=\"fas fa-minus\" aria-hidden=\"true\"><\/i><\/span>\n\t\t\t\t\t\t\t\t\t\t\t\t\t\t<\/span>\n\t\t\t\t\t\t\t\t\t\t\t\t<a class=\"elementor-accordion-title\" tabindex=\"0\">7. \u00bfExisten requisitos previos para inscribirse en un curso?<\/a>\n\t\t\t\t\t<\/div>\n\t\t\t\t\t<div id=\"elementor-tab-content-2137\" class=\"elementor-tab-content elementor-clearfix\" data-tab=\"7\" role=\"region\" aria-labelledby=\"elementor-tab-title-2137\"><p>Nuestros cursos de nivel b\u00e1sico no tienen requisitos previos espec\u00edficos, lo que los hace accesibles a estudiantes de todos los or\u00edgenes. Sin embargo, algunos cursos avanzados pueden requerir conocimientos o experiencia previa en un campo en particular. Consulte la descripci\u00f3n del curso para conocer los requisitos espec\u00edficos.<\/p><\/div>\n\t\t\t\t<\/div>\n\t\t\t\t\t\t\t<div class=\"elementor-accordion-item\">\n\t\t\t\t\t<div id=\"elementor-tab-title-2138\" class=\"elementor-tab-title\" data-tab=\"8\" role=\"button\" aria-controls=\"elementor-tab-content-2138\" aria-expanded=\"false\">\n\t\t\t\t\t\t\t\t\t\t\t\t\t<span class=\"elementor-accordion-icon elementor-accordion-icon-right\" aria-hidden=\"true\">\n\t\t\t\t\t\t\t\t\t\t\t\t\t\t\t<span class=\"elementor-accordion-icon-closed\"><i class=\"fas fa-plus\" aria-hidden=\"true\"><\/i><\/span>\n\t\t\t\t\t\t\t\t<span class=\"elementor-accordion-icon-opened\"><i class=\"fas fa-minus\" aria-hidden=\"true\"><\/i><\/span>\n\t\t\t\t\t\t\t\t\t\t\t\t\t\t<\/span>\n\t\t\t\t\t\t\t\t\t\t\t\t<a class=\"elementor-accordion-title\" tabindex=\"0\">8. \u00bfCu\u00e1l es el idioma de instrucci\u00f3n de los cursos?<\/a>\n\t\t\t\t\t<\/div>\n\t\t\t\t\t<div id=\"elementor-tab-content-2138\" class=\"elementor-tab-content elementor-clearfix\" data-tab=\"8\" role=\"region\" aria-labelledby=\"elementor-tab-title-2138\"><p>Nuestros cursos se imparten en ingl\u00e9s, ya que es uno de los idiomas m\u00e1s hablados en toda Europa. Para facilitar la transici\u00f3n al ingl\u00e9s de nuestros estudiantes latinos, ofrecemos un curso de ingl\u00e9s espec\u00edfico para hispanohablantes como herramienta adicional. De esta manera, pueden mejorar su dominio del ingl\u00e9s mientras cursan la materia de su elecci\u00f3n.<\/p><\/div>\n\t\t\t\t<\/div>\n\t\t\t\t\t\t\t<div class=\"elementor-accordion-item\">\n\t\t\t\t\t<div id=\"elementor-tab-title-2139\" class=\"elementor-tab-title\" data-tab=\"9\" role=\"button\" aria-controls=\"elementor-tab-content-2139\" aria-expanded=\"false\">\n\t\t\t\t\t\t\t\t\t\t\t\t\t<span class=\"elementor-accordion-icon elementor-accordion-icon-right\" aria-hidden=\"true\">\n\t\t\t\t\t\t\t\t\t\t\t\t\t\t\t<span class=\"elementor-accordion-icon-closed\"><i class=\"fas fa-plus\" aria-hidden=\"true\"><\/i><\/span>\n\t\t\t\t\t\t\t\t<span class=\"elementor-accordion-icon-opened\"><i class=\"fas fa-minus\" aria-hidden=\"true\"><\/i><\/span>\n\t\t\t\t\t\t\t\t\t\t\t\t\t\t<\/span>\n\t\t\t\t\t\t\t\t\t\t\t\t<a class=\"elementor-accordion-title\" tabindex=\"0\">9. \u00bfC\u00f3mo puedo obtener asistencia si tengo preguntas o encuentro problemas?<\/a>\n\t\t\t\t\t<\/div>\n\t\t\t\t\t<div id=\"elementor-tab-content-2139\" class=\"elementor-tab-content elementor-clearfix\" data-tab=\"9\" role=\"region\" aria-labelledby=\"elementor-tab-title-2139\"><p>Si tiene alguna pregunta relacionada con el sitio web o necesita ayuda con la plataforma, nuestro equipo de soporte est\u00e1 aqu\u00ed para ayudarlo. Puede comunicarse con nosotros a trav\u00e9s del formulario <a href=\"http:\/\/contact us\" data-wplink-url-error=\"true\">Contacto<\/a> en nuestro sitio web o enviarnos un correo electr\u00f3nico a <a href=\"mailto:contact@elearningpowerhouse.com\">contact@elearningpowerhouse.com<\/a>, adem\u00e1s puede  utilizar la funci\u00f3n de chat en vivo durante el horario comercial. Si tiene alguna pregunta relacionada con el curso que est\u00e1 realizando, puede reservar una reuni\u00f3n individual con el profesor <a href=\"https:\/\/elearningpowerhouse.com\/es\/producto\/private-tutoring\/\">Tutoring page<\/a> donde nos env\u00eda una solicitud para reservar una sesi\u00f3n. eLearning Powerhouse lo ayudar\u00e1 durante todo este proceso.<\/p><\/div>\n\t\t\t\t<\/div>\n\t\t\t\t\t\t\t<div class=\"elementor-accordion-item\">\n\t\t\t\t\t<div id=\"elementor-tab-title-21310\" class=\"elementor-tab-title\" data-tab=\"10\" role=\"button\" aria-controls=\"elementor-tab-content-21310\" aria-expanded=\"false\">\n\t\t\t\t\t\t\t\t\t\t\t\t\t<span class=\"elementor-accordion-icon elementor-accordion-icon-right\" aria-hidden=\"true\">\n\t\t\t\t\t\t\t\t\t\t\t\t\t\t\t<span class=\"elementor-accordion-icon-closed\"><i class=\"fas fa-plus\" aria-hidden=\"true\"><\/i><\/span>\n\t\t\t\t\t\t\t\t<span class=\"elementor-accordion-icon-opened\"><i class=\"fas fa-minus\" aria-hidden=\"true\"><\/i><\/span>\n\t\t\t\t\t\t\t\t\t\t\t\t\t\t<\/span>\n\t\t\t\t\t\t\t\t\t\t\t\t<a class=\"elementor-accordion-title\" tabindex=\"0\">10. \u00bfCu\u00e1les son los precios del curso y qu\u00e9 m\u00e9todos de pago se aceptan para la inscripci\u00f3n al curso?<\/a>\n\t\t\t\t\t<\/div>\n\t\t\t\t\t<div id=\"elementor-tab-content-21310\" class=\"elementor-tab-content elementor-clearfix\" data-tab=\"10\" role=\"region\" aria-labelledby=\"elementor-tab-title-21310\"><p>Las tarifas del curso var\u00edan dependiendo de si el curso est\u00e1 acreditado, del nivel del curso y de la duraci\u00f3n del mismo. Nuestros cursos oscilan entre 50 \u20ac y 550 \u20ac. Los m\u00e9todos de pago incluyen tarjetas de cr\u00e9dito, tarjetas de d\u00e9bito y PayPal. Todas las transacciones se procesan de forma segura para garantizar que su informaci\u00f3n de pago est\u00e9 protegida.<\/p><\/div>\n\t\t\t\t<\/div>\n\t\t\t\t\t\t\t\t<\/div>\n\t\t\t\t\t\t<\/div>\n\t\t\t\t<\/div>\n\t\t\t\t\t<\/div>\n\t\t<\/div>\n\t\t\t\t\t<\/div>\n\t\t<\/section>\n\t\t\t\t<section class=\"elementor-section elementor-top-section elementor-element elementor-element-78a0ee8 elementor-section-boxed elementor-section-height-default elementor-section-height-default\" data-id=\"78a0ee8\" data-element_type=\"section\">\n\t\t\t\t\t\t<div class=\"elementor-container elementor-column-gap-default\">\n\t\t\t\t\t<div class=\"elementor-column elementor-col-100 elementor-top-column elementor-element elementor-element-37f7a42\" data-id=\"37f7a42\" data-element_type=\"column\">\n\t\t\t<div class=\"elementor-widget-wrap elementor-element-populated\">\n\t\t\t\t\t\t<div class=\"elementor-element elementor-element-0c8bd50 elementor-widget elementor-widget-html\" data-id=\"0c8bd50\" data-element_type=\"widget\" data-widget_type=\"html.default\">\n\t\t\t\t<div class=\"elementor-widget-container\">\n\t\t\t\t\t<p>No dude en <a href='https:\/\/elearningpowerhouse.com\/es\/contact\/'>contactarnos<\/a> con cualquier otra pregunta que pueda tener. \u00a1Estamos aqu\u00ed para apoyarle en cada paso de su viaje a Europa!<\/p>\t\t\t\t<\/div>\n\t\t\t\t<\/div>\n\t\t\t\t\t<\/div>\n\t\t<\/div>\n\t\t\t\t\t<\/div>\n\t\t<\/section>\n\t\t\t\t<\/div>","protected":false},"excerpt":{"rendered":"<p>1. What courses does eLearning Powerhouse offer? eLearning Powerhouse offers online virtual courses designed to help you prepare for relocation to a European country. We provide both accredited as well as non- accredited courses. Our courses cover professional development, language proficiency, cultural immersion, and more. You can explore our full course catalogue by navigating to our Courses page. 2. How flexible are the courses? Can I study at my own pace? Yes, our courses are designed with flexibility in mind. You can study at your own pace and on your own schedule as all lectures are recorded, allowing you to<\/p>","protected":false},"author":2,"featured_media":0,"parent":0,"menu_order":0,"comment_status":"closed","ping_status":"closed","template":"","meta":{"_acf_changed":false,"nf_dc_page":"","_joinchat":[],"vkexunit_cta_each_option":"","footnotes":""},"class_list":["post-711","page","type-page","status-publish","hentry"],"acf":[],"jetpack_sharing_enabled":true,"_links":{"self":[{"href":"https:\/\/elearningpowerhouse.com\/es\/wp-json\/wp\/v2\/pages\/711","targetHints":{"allow":["GET"]}}],"collection":[{"href":"https:\/\/elearningpowerhouse.com\/es\/wp-json\/wp\/v2\/pages"}],"about":[{"href":"https:\/\/elearningpowerhouse.com\/es\/wp-json\/wp\/v2\/types\/page"}],"author":[{"embeddable":true,"href":"https:\/\/elearningpowerhouse.com\/es\/wp-json\/wp\/v2\/users\/2"}],"replies":[{"embeddable":true,"href":"https:\/\/elearningpowerhouse.com\/es\/wp-json\/wp\/v2\/comments?post=711"}],"version-history":[{"count":33,"href":"https:\/\/elearningpowerhouse.com\/es\/wp-json\/wp\/v2\/pages\/711\/revisions"}],"predecessor-version":[{"id":2792,"href":"https:\/\/elearningpowerhouse.com\/es\/wp-json\/wp\/v2\/pages\/711\/revisions\/2792"}],"wp:attachment":[{"href":"https:\/\/elearningpowerhouse.com\/es\/wp-json\/wp\/v2\/media?parent=711"}],"curies":[{"name":"wp","href":"https:\/\/api.w.org\/{rel}","templated":true}]}}