{"id":5,"date":"2023-02-06T20:14:11","date_gmt":"2023-02-06T20:14:11","guid":{"rendered":"https:\/\/thefinancialpowerhouse.org\/?page_id=5"},"modified":"2024-08-12T12:51:43","modified_gmt":"2024-08-12T12:51:43","slug":"about","status":"publish","type":"page","link":"https:\/\/elearningpowerhouse.com\/es\/about\/","title":{"rendered":"\u00bfQui\u00e9nes somos?"},"content":{"rendered":"<div class=\"wp-block-group is-layout-constrained wp-container-core-group-is-layout-00d34d0f wp-block-group-is-layout-constrained\" style=\"padding-top:120px;padding-right:20px;padding-bottom:120px;padding-left:20px\">\n<div class=\"wp-block-columns is-layout-flex wp-container-core-columns-is-layout-28f84493 wp-block-columns-is-layout-flex\">\n<div class=\"wp-block-column is-layout-flow wp-block-column-is-layout-flow\" style=\"flex-basis:50%\">\n<figure class=\"wp-block-image size-full has-custom-border startupzy-animate startupzy-move-right startupzy-delay-1\"><img data-recalc-dims=\"1\" decoding=\"async\" loading=\"lazy\" src=\"https:\/\/i0.wp.com\/elearningpowerhouse.com\/wp-content\/themes\/startupzy\/assets\/img\/adult-african-black-blonde-business-businessman-2.webp?ssl=1\" alt=\"\" class=\"wp-image-150\" style=\"border-top-left-radius:50px;border-top-right-radius:0px;border-bottom-left-radius:0px;border-bottom-right-radius:50px\"\/><\/figure>\n<\/div>\n\n\n\n<div class=\"wp-block-column is-layout-flow wp-block-column-is-layout-flow\" style=\"flex-basis:3%\"><\/div>\n\n\n\n<div class=\"wp-block-column is-layout-flow wp-block-column-is-layout-flow\" style=\"flex-basis:47%\">\n<h2 class=\"wp-block-heading has-text-align-left startupzy-animate startupzy-move-left startupzy-delay-3 has-startupzy-secondary-color has-text-color has-heading-2-font-size\" style=\"font-style:normal;font-weight:600\">Nuestra Visi\u00f3n<\/h2>\n\n\n\n<p class=\"startupzy-animate startupzy-move-left startupzy-delay-5 has-startupzy-bodytext-color has-text-color\">Somos una empresa radicada en Malta, con una amplia experiencia en educaci\u00f3n virtual y migraci\u00f3n. La idea naci\u00f3 con el prop\u00f3sito de ofrecer una soluci\u00f3n integral a aquellas personas que deseen radicarse y trabajar en Malta a trav\u00e9s de un servicio completo, que va desde el apoyo en tr\u00e1mites par gestionar la visa hasta encontrar el trabajo de tus sue\u00f1os en la Uni\u00f3n Europea.<\/p>\n\n\n\n<div class=\"wp-block-group is-layout-flow wp-block-group-is-layout-flow\">\n<p><strong>Educaci\u00f3n<\/strong><\/p>\n<\/div>\n\n\n\n<p>La educaci\u00f3n es el pilar central de nuestra misi\u00f3n. Sabemos que mudarte a un nuevo pa\u00eds puede ser emocionante, pero tambi\u00e9n desafiante. Por eso, ofrecemos una amplia gama de cursos en l\u00ednea dise\u00f1ados para brindarte las habilidades y conocimientos necesarios para prosperar en Europa. Ya sea que busques dominar un idioma, sumergirte en la cultura o desarrollar tu carrera profesional, nuestros cursos est\u00e1n hechos a medida para satisfacer tus necesidades.<\/p>\n\n\n\n<div class=\"wp-block-group is-layout-flow wp-block-group-is-layout-flow\">\n<p class=\"startupzy-animate startupzy-move-left startupzy-delay-3 has-startupzy-bodytext-color has-text-color\">Todos nuestros cursos se pueden completar en l\u00ednea, a tu propio ritmo y desde la comodidad de tu hogar. Olv\u00eddate de horarios r\u00edgidos: \u00a1estudia cuando y donde quieras! eLearning Powerhouse ofrece cursos acreditados que combinan teor\u00eda y pr\u00e1ctica, y al completarlos, recibir\u00e1s un certificado v\u00e1lido en toda Europa. Estos certificados, respaldados por la Autoridad de Educaci\u00f3n Superior y Continua de Malta (MFHEA), pueden incluirse en tu CV, haciendo que tu perfil sea m\u00e1s competitivo.<\/p>\n<\/div>\n<\/div>\n<\/div>\n\n\n\n<p>Adem\u00e1s, contamos con cursos para mejorar tus habilidades blandas. Aunque estos no otorgan certificados, te ayudar\u00e1n a desenvolverte mejor en el mundo laboral.<\/p>\n\n\n\n<p class=\"has-startupzy-secondary-color has-text-color\"><strong>Europa<\/strong><\/p>\n\n\n\n<p>Nuestra secci\u00f3n de informaci\u00f3n sobre la Uni\u00f3n Europea es un recurso clave para obtener datos confiables sobre varios pa\u00edses europeos. Aqu\u00ed encontrar\u00e1s informaci\u00f3n sobre requisitos de visa, cultura, estilo de vida, costo de vida y m\u00e1s. Creemos que tomar decisiones informadas es vital para una reubicaci\u00f3n exitosa, y estamos comprometidos a brindarte todo lo que necesitas para planificar tu futuro con confianza.<\/p>\n\n\n\n<p>Esta secci\u00f3n est\u00e1 disponible para quienes se inscriben en nuestros cursos, permiti\u00e9ndote estudiar mientras te preparas para mudarte al pa\u00eds de tus sue\u00f1os<\/p>\n\n\n\n<p><strong>Empleo<\/strong><\/p>\n\n\n\n<p class=\"has-startupzy-secondary-color has-text-color\">Tambi\u00e9n ofrecemos una plataforma de empleo para ayudarte en tu transici\u00f3n a Europa. Una vez que completes tus cursos en l\u00ednea, podr\u00e1s enviar tu CV a nuestro sitio web para que lo consideren empleadores en toda la UE. Aunque no garantizamos empleo, nuestro objetivo es conectar a candidatos calificados con oportunidades laborales interesantes. Desde entrevistas en l\u00ednea hasta asistencia con permisos de trabajo, estamos aqu\u00ed para apoyarte en cada paso de tu camino hacia una carrera en Europa.<\/p>\n\n\n\n<p class=\"has-startupzy-secondary-color has-text-color\">\u00bfNecesitas m\u00e1s informaci\u00f3n? \u00a1Escr\u00edbenos!<\/p>\n\n\n\n<p><\/p>\n\n\n\n<p><\/p>\n\n\n\n<p class=\"has-startupzy-secondary-color has-text-color\"><\/p>\n\n\n\n<p><\/p>\n\n\n\n<p><\/p>\n<\/div>","protected":false},"excerpt":{"rendered":"<p>Our Vision We were founded with the purpose of offering a comprehensive solution for those aspiring to settle and work in Malta, providing a complete range of services\u2014from visa support to finding your dream job in the European Union. Education Education is the cornerstone of our mission. We understand that moving to a new country can be both exciting and challenging. That&#8217;s why we offer a wide selection of online courses designed to equip you with the skills and knowledge needed to thrive in Europe. Whether you aim to master a language, immerse yourself in culture, or advance your career,<\/p>","protected":false},"author":1,"featured_media":0,"parent":0,"menu_order":0,"comment_status":"closed","ping_status":"closed","template":"","meta":{"_acf_changed":false,"nf_dc_page":"","_joinchat":[],"vkexunit_cta_each_option":"","footnotes":""},"class_list":["post-5","page","type-page","status-publish","hentry"],"acf":[],"jetpack_sharing_enabled":true,"_links":{"self":[{"href":"https:\/\/elearningpowerhouse.com\/es\/wp-json\/wp\/v2\/pages\/5","targetHints":{"allow":["GET"]}}],"collection":[{"href":"https:\/\/elearningpowerhouse.com\/es\/wp-json\/wp\/v2\/pages"}],"about":[{"href":"https:\/\/elearningpowerhouse.com\/es\/wp-json\/wp\/v2\/types\/page"}],"author":[{"embeddable":true,"href":"https:\/\/elearningpowerhouse.com\/es\/wp-json\/wp\/v2\/users\/1"}],"replies":[{"embeddable":true,"href":"https:\/\/elearningpowerhouse.com\/es\/wp-json\/wp\/v2\/comments?post=5"}],"version-history":[{"count":17,"href":"https:\/\/elearningpowerhouse.com\/es\/wp-json\/wp\/v2\/pages\/5\/revisions"}],"predecessor-version":[{"id":2878,"href":"https:\/\/elearningpowerhouse.com\/es\/wp-json\/wp\/v2\/pages\/5\/revisions\/2878"}],"wp:attachment":[{"href":"https:\/\/elearningpowerhouse.com\/es\/wp-json\/wp\/v2\/media?parent=5"}],"curies":[{"name":"wp","href":"https:\/\/api.w.org\/{rel}","templated":true}]}}